{"id":2037,"date":"2023-04-19T16:06:55","date_gmt":"2023-04-19T16:06:55","guid":{"rendered":"https:\/\/aurorastudioproject.com\/?page_id=2037"},"modified":"2023-04-20T17:30:34","modified_gmt":"2023-04-20T17:30:34","slug":"terms-and-conditions","status":"publish","type":"page","link":"https:\/\/aurorastudioproject.com\/es\/terms-and-conditions\/","title":{"rendered":"T\u00e9rminos &amp; Condiciones"},"content":{"rendered":"<div class=\"wp-block-group alignfull has-black-background-color has-background is-vertical is-layout-flex wp-container-core-group-is-layout-d6b9ab57 wp-block-group-is-layout-flex\">\n<div style=\"height:100px\" aria-hidden=\"true\" class=\"wp-block-spacer\"><\/div>\n<\/div>\n\n\n\n<div style=\"height:30px\" aria-hidden=\"true\" class=\"wp-block-spacer\"><\/div>\n\n\n\n<h1 class=\"wp-block-heading\"><strong>T\u00c9RMINOS &amp; CONDICIONES<\/strong><\/h1>\n\n\n\n<p class=\"has-medium-font-size\">Gracias por su inter\u00e9s en comprar caf\u00e9 de Aurora Origin.<\/p>\n\n\n\n<p><strong>Por favor, lea atentamente las siguientes condiciones de venta antes de realizar su pedido:<\/strong><\/p>\n\n\n\n<h3 class=\"wp-block-heading\"><strong>1. <\/strong>Procesamiento del pedido<\/h3>\n\n\n\n<p>Una vez que realice su pedido, lo procesaremos dentro de los 2 d\u00edas h\u00e1biles. Si hay alg\u00fan problema con su pedido, nos pondremos en contacto con usted por correo electr\u00f3nico o por tel\u00e9fono.<\/p>\n\n\n\n<h3 class=\"wp-block-heading\"><strong>2. <\/strong>Pago<\/h3>\n\n\n\n<p>Aceptamos pagos a trav\u00e9s de las principales tarjetas de cr\u00e9dito. Su informaci\u00f3n de pago ser\u00e1 procesada y protegida de forma segura.<\/p>\n\n\n\n<h3 class=\"wp-block-heading\"><strong>3<\/strong>. Env\u00edo<\/h3>\n\n\n\n<p>Ofrecemos opciones de env\u00edo est\u00e1ndar y r\u00e1pido. El env\u00edo est\u00e1ndar suele tardar 6 d\u00edas laborables. Las tarifas de env\u00edo se calculan al finalizar la compra y se basan en el peso de su pedido y su ubicaci\u00f3n.<\/p>\n\n\n\n<h3 class=\"wp-block-heading\"><strong>4<\/strong>. Devoluciones<\/h3>\n\n\n\n<p>Respaldamos la calidad de nuestro caf\u00e9 y queremos que est\u00e9 completamente satisfecho con su compra. Si por alguna raz\u00f3n no est\u00e1 satisfecho, comun\u00edquese con nosotros dentro de los 14 d\u00edas posteriores a la recepci\u00f3n de su pedido y le proporcionaremos un reembolso completo o un cambio. El caf\u00e9 debe devolverse en su embalaje original y en su estado original. El comprobante de compra es necesario para un reembolso.<\/p>\n\n\n\n<h3 class=\"wp-block-heading\"><strong>5<\/strong>. Almacenamiento<\/h3>\n\n\n\n<p>Para asegurar la frescura de su caf\u00e9, recomendamos almacenarlo en un recipiente herm\u00e9tico lejos de la luz solar directa y el calor.<\/p>\n\n\n\n<p>Gracias por elegir Aurora Origen.<\/p>\n\n\n\n<p>Si tiene alguna pregunta o inquietud, no dude en ponerse en contacto con nosotros.<\/p>\n\n\n\n<p>Tel\u00e9fono: <strong><a href=\"tel:+(502) 4859-9178\">+502 4859 9178<\/a><\/strong><br>Correo: <strong><a href=\"mailto:info@aurorastudioproject.com\">info@aurorastudioproject.com<\/a><\/strong><\/p>\n\n\n\n<div style=\"height:30px\" aria-hidden=\"true\" class=\"wp-block-spacer\"><\/div>\n<div style=\"margin: 20px 0;\"><div class=\"qrcswholewtapper\" style=\"text-align:left;\"><div class=\"qrcprowrapper\"  id=\"qrcwraa2leds\"><div class=\"qrc_canvass\" id=\"qrc_cuttenpages_2\" style=\"display:inline-block\" data-text=\"https:\/\/aurorastudioproject.com\/es\/terms-and-conditions\/\"><\/div><div><a download=\"Terms &amp; Conditions.png\" class=\"qrcdownloads\" id=\"worign\">\r\n           <button type=\"button\" style=\"min-width:200px;background:#1e73be;color:#ffffff;font-weight: 600;border: 1px solid #44d813;border-radius:20px;font-size:12px;padding: 6px 0;\" class=\"uqr_code_btn\">Download QR<\/button>\r\n           <\/a><\/div><\/div><\/div><\/div>","protected":false},"excerpt":{"rendered":"<p>TERMS &amp; CONDITIONS Thank you for your interest in purchasing coffee from Aurora Origin. Please review the following sales conditions carefully before placing your order: 1. Order Processing Once you place your order, we will process it within 2 business days. If there are any issues with your order, we will contact you via email [&hellip;]<\/p>","protected":false},"author":1,"featured_media":0,"parent":0,"menu_order":0,"comment_status":"closed","ping_status":"closed","template":"","meta":{"site-sidebar-layout":"default","site-content-layout":"","ast-site-content-layout":"default","site-content-style":"default","site-sidebar-style":"default","ast-global-header-display":"","ast-banner-title-visibility":"","ast-main-header-display":"","ast-hfb-above-header-display":"","ast-hfb-below-header-display":"","ast-hfb-mobile-header-display":"","site-post-title":"disabled","ast-breadcrumbs-content":"","ast-featured-img":"","footer-sml-layout":"","theme-transparent-header-meta":"","adv-header-id-meta":"","stick-header-meta":"","header-above-stick-meta":"","header-main-stick-meta":"","header-below-stick-meta":"","astra-migrate-meta-layouts":"default","ast-page-background-enabled":"default","ast-page-background-meta":{"desktop":{"background-color":"var(--ast-global-color-4)","background-image":"","background-repeat":"repeat","background-position":"center center","background-size":"auto","background-attachment":"scroll","background-type":"","background-media":"","overlay-type":"","overlay-color":"","overlay-opacity":"","overlay-gradient":""},"tablet":{"background-color":"","background-image":"","background-repeat":"repeat","background-position":"center center","background-size":"auto","background-attachment":"scroll","background-type":"","background-media":"","overlay-type":"","overlay-color":"","overlay-opacity":"","overlay-gradient":""},"mobile":{"background-color":"","background-image":"","background-repeat":"repeat","background-position":"center center","background-size":"auto","background-attachment":"scroll","background-type":"","background-media":"","overlay-type":"","overlay-color":"","overlay-opacity":"","overlay-gradient":""}},"ast-content-background-meta":{"desktop":{"background-color":"var(--ast-global-color-5)","background-image":"","background-repeat":"repeat","background-position":"center center","background-size":"auto","background-attachment":"scroll","background-type":"","background-media":"","overlay-type":"","overlay-color":"","overlay-opacity":"","overlay-gradient":""},"tablet":{"background-color":"var(--ast-global-color-5)","background-image":"","background-repeat":"repeat","background-position":"center center","background-size":"auto","background-attachment":"scroll","background-type":"","background-media":"","overlay-type":"","overlay-color":"","overlay-opacity":"","overlay-gradient":""},"mobile":{"background-color":"var(--ast-global-color-5)","background-image":"","background-repeat":"repeat","background-position":"center center","background-size":"auto","background-attachment":"scroll","background-type":"","background-media":"","overlay-type":"","overlay-color":"","overlay-opacity":"","overlay-gradient":""}},"footnotes":""},"class_list":["post-2037","page","type-page","status-publish","hentry"],"_links":{"self":[{"href":"https:\/\/aurorastudioproject.com\/es\/wp-json\/wp\/v2\/pages\/2037","targetHints":{"allow":["GET"]}}],"collection":[{"href":"https:\/\/aurorastudioproject.com\/es\/wp-json\/wp\/v2\/pages"}],"about":[{"href":"https:\/\/aurorastudioproject.com\/es\/wp-json\/wp\/v2\/types\/page"}],"author":[{"embeddable":true,"href":"https:\/\/aurorastudioproject.com\/es\/wp-json\/wp\/v2\/users\/1"}],"replies":[{"embeddable":true,"href":"https:\/\/aurorastudioproject.com\/es\/wp-json\/wp\/v2\/comments?post=2037"}],"version-history":[{"count":15,"href":"https:\/\/aurorastudioproject.com\/es\/wp-json\/wp\/v2\/pages\/2037\/revisions"}],"predecessor-version":[{"id":2283,"href":"https:\/\/aurorastudioproject.com\/es\/wp-json\/wp\/v2\/pages\/2037\/revisions\/2283"}],"wp:attachment":[{"href":"https:\/\/aurorastudioproject.com\/es\/wp-json\/wp\/v2\/media?parent=2037"}],"curies":[{"name":"wp","href":"https:\/\/api.w.org\/{rel}","templated":true}]}}